{"id":2815,"date":"2019-04-23T09:24:14","date_gmt":"2019-04-23T09:24:14","guid":{"rendered":"https:\/\/asensiotranslates.asensiotranslates.com\/contact\/"},"modified":"2020-05-19T04:15:04","modified_gmt":"2020-05-19T04:15:04","slug":"contacto","status":"publish","type":"page","link":"https:\/\/asensiotranslates.com\/es\/contacto\/","title":{"rendered":"Contacto"},"content":{"rendered":"<div class=\"wpb-content-wrapper\"><p>[vc_row tm_bgimagefixed=\u00bb\u00bb break_in_responsive=\u00bb991&#8243; full_width=\u00bbstretch_row\u00bb css=\u00bb.vc_custom_1574418431575{padding-top: 0px !important;padding-bottom: 0px !important;}\u00bb tm_responsive_css=\u00bb48313131|colbreak_no|||||||||colbreak_no|||||||0px||colbreak_no||||||||||colbreak_no|||||||||\u00bb][vc_column width=\u00bb1\/2&#8243; css=\u00bb.vc_custom_1574418451051{padding-top: 65px !important;padding-bottom: 65px !important;}\u00bb el_class=\u00bbtm-contact-iconbox\u00bb tm_responsive_css=\u00bb34715746|colbreak_no|||||||||colbreak_no|||||30px||10px||colbreak_no||||||||||colbreak_no|||||||||\u00bb]<h2 style=\"text-align:left;font-size:30px;line-height:40px;\" class=\"tm-custom-heading \" >Hablemos de tu proyecto<\/h2>\n[vc_column_text]Ya tienes tantas cosas que hacer. Ah\u00f3rrate el tiempo y la energ\u00eda asoci\u00e1ndote con un int\u00e9rprete y traductor profesional especializado en derecho, que te acompa\u00f1ar\u00e1 en cada paso del camino.<\/p>\n<p>Si no has encontrado tu respuesta en la p\u00e1gina de <a href=\"https:\/\/asensiotranslates.asensiotranslates.com\/es\/faq\/\">preguntas frecuentes<\/a>, hazme llegar tu pregunta a trav\u00e9s del siguiente formulario de contacto.<\/p>\n<p>\u00bfYa sabes lo que quieres?[\/vc_column_text]<div class=\"tm-sbox tm-sbox-iconalign-before-heading none tm-sbox-bgcolor-transparent tm-bgcolor-transparent tm-sbox-textcolor- tm-textcolor- tm-sbox-isize-xs tm-sbox-isize-xs tm-sbox-istyle-none  tm-sbox-heading-only ttm-iconbox-heading-margin\"><section class=\"tm-vc_cta3-container\"><div class=\"tm-vc_general tm-vc_cta3 tm-vc_cta3-align-left tm-vc_cta3-icon-size-xs tm-vc_cta3-icons-beforeheading tm-vc_cta3-actions-no\"><div class=\"tm-vc_cta3_content-container\"><div class=\"tm-vc_cta3-content\"><div class=\"tm-vc_cta3-content-header tm-wrap\"><div class=\"tm-vc_cta3-icons tm-wrap-cell\"><div class=\"tm-vc_icon_element tm-vc_icon_element-outer tm-vc_icon_element-align-left \"><div class=\"tm-vc_icon_element-inner  tm-vc_icon_element-color-skincolor tm-vc_icon_element-size-xs tm-vc_icon_element-style-none tm-vc_icon_element-background-color-grey\" ><span class=\"tm-vc_icon_element-icon fa fa-envelope-o\" ><\/span><\/div><\/div><\/div><div class=\"tm-vc_cta3-headers tm-wrap-cell\"><h2 style=\"font-size:18px;line-height:24px;\" class=\"tm-custom-heading \" >Correo electr\u00f3nico:<\/h2>\n<\/div><\/div><\/div><div class=\"tm-cta3-desc-btn-wrapper\"><div class=\"tm-cta3-description\"><div class=\"tm-cta3-content-wrapper\"><p><a href=\"mailto:info@asensiotranslates.asensiotranslates.com\">info@asensiotranslates.asensiotranslates.com<\/a><\/p><\/div><\/div><\/div><\/div><\/div><\/section><\/div><div class=\"tm-sbox tm-sbox-iconalign-before-heading none tm-sbox-bgcolor-transparent tm-bgcolor-transparent tm-sbox-textcolor- tm-textcolor- tm-sbox-isize-xs tm-sbox-isize-xs tm-sbox-istyle-none  tm-sbox-heading-only ttm-iconbox-heading-margin\"><section class=\"tm-vc_cta3-container\"><div class=\"tm-vc_general tm-vc_cta3 tm-vc_cta3-align-left tm-vc_cta3-icon-size-xs tm-vc_cta3-icons-beforeheading tm-vc_cta3-actions-no\"><div class=\"tm-vc_cta3_content-container\"><div class=\"tm-vc_cta3-content\"><div class=\"tm-vc_cta3-content-header tm-wrap\"><div class=\"tm-vc_cta3-icons tm-wrap-cell\"><div class=\"tm-vc_icon_element tm-vc_icon_element-outer tm-vc_icon_element-align-left \"><div class=\"tm-vc_icon_element-inner  tm-vc_icon_element-color-skincolor tm-vc_icon_element-size-xs tm-vc_icon_element-style-none tm-vc_icon_element-background-color-grey\" ><span class=\"tm-vc_icon_element-icon fa fa-phone\" ><\/span><\/div><\/div><\/div><div class=\"tm-vc_cta3-headers tm-wrap-cell\"><h2 style=\"font-size:18px;line-height:24px;\" class=\"tm-custom-heading \" >Tel\u00e9fono:<\/h2>\n<\/div><\/div><\/div><div class=\"tm-cta3-desc-btn-wrapper\"><div class=\"tm-cta3-description\"><div class=\"tm-cta3-content-wrapper\"><p>+49 (0) 151 6296 7786<\/p><\/div><\/div><\/div><\/div><\/div><\/section><\/div>[\/vc_column][vc_column tm_textcolor=\u00bbwhite\u00bb tm_zindex=\u00bb1&#8243; width=\u00bb1\/2&#8243; css=\u00bb.vc_custom_1574418557247{padding-top: 130px !important;padding-right: 65px !important;padding-bottom: 130px !important;padding-left: 65px !important;background-color: #d82757 !important;background-position: center !important;background-repeat: no-repeat !important;background-size: cover !important;}\u00bb tm_responsive_css=\u00bb35181136|colbreak_no|||||||||colbreak_no|0px|||0px|25px|15px|15px|15px|colbreak_no||||||||||colbreak_no|||||||||\u00bb]\n<div class=\"wpcf7 no-js\" id=\"wpcf7-f2866-o1\" lang=\"en-US\" dir=\"ltr\" data-wpcf7-id=\"2866\">\n<div class=\"screen-reader-response\"><p role=\"status\" aria-live=\"polite\" aria-atomic=\"true\"><\/p> <ul><\/ul><\/div>\n<form action=\"\/es\/wp-json\/wp\/v2\/pages\/2815#wpcf7-f2866-o1\" method=\"post\" class=\"wpcf7-form init\" aria-label=\"Contact form\" novalidate=\"novalidate\" data-status=\"init\">\n<fieldset class=\"hidden-fields-container\"><input type=\"hidden\" name=\"_wpcf7\" value=\"2866\" \/><input type=\"hidden\" name=\"_wpcf7_version\" value=\"6.1.5\" \/><input type=\"hidden\" name=\"_wpcf7_locale\" value=\"en_US\" \/><input type=\"hidden\" name=\"_wpcf7_unit_tag\" value=\"wpcf7-f2866-o1\" \/><input type=\"hidden\" name=\"_wpcf7_container_post\" value=\"0\" \/><input type=\"hidden\" name=\"_wpcf7_posted_data_hash\" value=\"\" \/>\n<\/fieldset>\n<div class=\"tm-commonform contactform-1\">\n\t<div class=\"row\">\n\t\t<div class=\"col-md-6\">\n\t\t\t<p><span class=\"wpcf7-form-control-wrap\" data-name=\"your-name\"><input size=\"40\" maxlength=\"400\" class=\"wpcf7-form-control wpcf7-text wpcf7-validates-as-required\" aria-required=\"true\" aria-invalid=\"false\" placeholder=\"Tu nombre\" value=\"\" type=\"text\" name=\"your-name\" \/><\/span>\n\t\t\t<\/p>\n\t\t<\/div>\n\t\t<div class=\"col-md-6\">\n\t\t\t<p><span class=\"wpcf7-form-control-wrap\" data-name=\"your-email\"><input size=\"40\" maxlength=\"400\" class=\"wpcf7-form-control wpcf7-email wpcf7-validates-as-required wpcf7-text wpcf7-validates-as-email\" aria-required=\"true\" aria-invalid=\"false\" placeholder=\"T\u00fa e-mail\" value=\"\" type=\"email\" name=\"your-email\" \/><\/span>\n\t\t\t<\/p>\n\t\t<\/div>\n\t<\/div>\n\t<div class=\"row\">\n\t\t<div class=\"col-md-6\">\n\t\t\t<p><span class=\"wpcf7-form-control-wrap\" data-name=\"your-phone\"><input size=\"40\" maxlength=\"400\" class=\"wpcf7-form-control wpcf7-text\" aria-invalid=\"false\" placeholder=\"Tu tel\u00e9fono\" value=\"\" type=\"text\" name=\"your-phone\" \/><\/span>\n\t\t\t<\/p>\n\t\t<\/div>\n\t\t<div class=\"col-md-6\">\n\t\t\t<p><span class=\"wpcf7-form-control-wrap\" data-name=\"your-subject\"><input size=\"40\" maxlength=\"400\" class=\"wpcf7-form-control wpcf7-text wpcf7-validates-as-required\" aria-required=\"true\" aria-invalid=\"false\" placeholder=\"Asunto\" value=\"\" type=\"text\" name=\"your-subject\" \/><\/span>\n\t\t\t<\/p>\n\t\t<\/div>\n\t<\/div>\n\t<div class=\"row\">\n\t\t<div class=\"col-md-12\">\n\t\t\t<p><span class=\"wpcf7-form-control-wrap\" data-name=\"your-message\"><textarea cols=\"40\" rows=\"3\" maxlength=\"2000\" class=\"wpcf7-form-control wpcf7-textarea wpcf7-validates-as-required\" aria-required=\"true\" aria-invalid=\"false\" placeholder=\"Mensaje\" name=\"your-message\"><\/textarea><\/span>\n\t\t\t<\/p>\n\t\t<\/div>\n\t<\/div>\n\t<div class=\"row\">\n\t\t<div class=\"col-md-12\">\n\t\t\t<p><span class=\"hide-en\">Solve equation<\/span><span class=\"hide-es\">Resuelve la ecuaci\u00f3n<\/span><span class=\"hide-de\">Richtig rechnen<\/span> <span class=\"wpcf7-form-control-wrap mathcaptcha-117\"><input size=\"2\" maxlength=\"2\" class=\"wpcf7-form-control wpcf7-mathcaptcha\" aria-required=\"true\" type=\"text\" name=\"mathcaptcha-117\" value=\"\" \/> + &#x32; = &#x35;<\/span><input type=\"hidden\" value=\"0\" name=\"mathcaptcha-117-sn\" \/>\n\t\t\t<\/p>\n\t\t<\/div>\n\t<\/div>\n\t<div class=\"form-btn\">\n\t\t<p><input class=\"wpcf7-form-control wpcf7-submit has-spinner tm-vc_general tm-vc_btn3 tm-vc_btn3-style-flat tm-vc_btn3-shape-square tm-vc_btn3-color-white\" type=\"submit\" value=\"Enviar\" \/>\n\t\t<div class=\"wpcf7-response-output\" aria-hidden=\"true\"><\/div>\n\t<\/div>\n<\/div>\n<\/form>\n<\/div>\n[\/vc_column][\/vc_row]<\/p>\n<\/div>","protected":false},"excerpt":{"rendered":"<p>[vc_row tm_bgimagefixed=\u00bb\u00bb break_in_responsive=\u00bb991&#8243; full_width=\u00bbstretch_row\u00bb css=\u00bb.vc_custom_1574418431575{padding-top: 0px !important;padding-bottom: 0px !important;}\u00bb tm_responsive_css=\u00bb48313131|colbreak_no|||||||||colbreak_no|||||||0px||colbreak_no||||||||||colbreak_no|||||||||\u00bb][vc_column width=\u00bb1\/2&#8243; css=\u00bb.vc_custom_1574418451051{padding-top: 65px !important;padding-bottom: 65px !important;}\u00bb el_class=\u00bbtm-contact-iconbox\u00bb tm_responsive_css=\u00bb34715746|colbreak_no|||||||||colbreak_no|||||30px||10px||colbreak_no||||||||||colbreak_no|||||||||\u00bb][vc_column_text]Ya tienes tantas cosas que hacer. Ah\u00f3rrate el tiempo y la energ\u00eda asoci\u00e1ndote con un int\u00e9rprete y traductor profesional especializado en derecho, que te acompa\u00f1ar\u00e1 en cada paso del camino. Si no has encontrado tu respuesta en la &hellip; <a href=\"https:\/\/asensiotranslates.com\/es\/contacto\/\" class=\"more-link\">Continue reading <span class=\"screen-reader-text\">Contacto<\/span><\/a><\/p>\n","protected":false},"author":1,"featured_media":0,"parent":0,"menu_order":8,"comment_status":"closed","ping_status":"closed","template":"","meta":{"footnotes":""},"class_list":["post-2815","page","type-page","status-publish","hentry"],"yoast_head":"<!-- This site is optimized with the Yoast SEO plugin v27.2 - https:\/\/yoast.com\/product\/yoast-seo-wordpress\/ -->\n<title>Legal translator and interpreter - German, French, English into Spanish<\/title>\n<meta name=\"description\" content=\"Hire a Spanish legal translator and interpreter with law and interpreting degrees, who will be in your corner every step of the way. Get in touch!\" \/>\n<meta name=\"robots\" content=\"index, follow, max-snippet:-1, max-image-preview:large, max-video-preview:-1\" \/>\n<link rel=\"canonical\" href=\"https:\/\/asensiotranslates.com\/es\/contacto\/\" \/>\n<meta property=\"og:locale\" content=\"es_ES\" \/>\n<meta property=\"og:type\" content=\"article\" \/>\n<meta property=\"og:title\" content=\"Legal translator and interpreter - German, French, English into Spanish\" \/>\n<meta property=\"og:description\" content=\"Hire a Spanish legal translator and interpreter with law and interpreting degrees, who will be in your corner every step of the way. Get in touch!\" \/>\n<meta property=\"og:url\" content=\"https:\/\/asensiotranslates.com\/es\/contacto\/\" \/>\n<meta property=\"og:site_name\" content=\"Asensio Translates\" \/>\n<meta property=\"article:modified_time\" content=\"2020-05-19T04:15:04+00:00\" \/>\n<meta name=\"twitter:card\" content=\"summary_large_image\" \/>\n<meta name=\"twitter:site\" content=\"@wftuser\" \/>\n<meta name=\"twitter:label1\" content=\"Tiempo de lectura\" \/>\n\t<meta name=\"twitter:data1\" content=\"1 minuto\" \/>\n<script type=\"application\/ld+json\" class=\"yoast-schema-graph\">{\"@context\":\"https:\/\/schema.org\",\"@graph\":[{\"@type\":\"WebPage\",\"@id\":\"https:\/\/asensiotranslates.com\/es\/contacto\/\",\"url\":\"https:\/\/asensiotranslates.com\/es\/contacto\/\",\"name\":\"Legal translator and interpreter - German, French, English into Spanish\",\"isPartOf\":{\"@id\":\"https:\/\/asensiotranslates.com\/es\/#website\"},\"datePublished\":\"2019-04-23T09:24:14+00:00\",\"dateModified\":\"2020-05-19T04:15:04+00:00\",\"description\":\"Hire a Spanish legal translator and interpreter with law and interpreting degrees, who will be in your corner every step of the way. Get in touch!\",\"breadcrumb\":{\"@id\":\"https:\/\/asensiotranslates.com\/es\/contacto\/#breadcrumb\"},\"inLanguage\":\"es\",\"potentialAction\":[{\"@type\":\"ReadAction\",\"target\":[\"https:\/\/asensiotranslates.com\/es\/contacto\/\"]}]},{\"@type\":\"BreadcrumbList\",\"@id\":\"https:\/\/asensiotranslates.com\/es\/contacto\/#breadcrumb\",\"itemListElement\":[{\"@type\":\"ListItem\",\"position\":1,\"name\":\"Home\",\"item\":\"https:\/\/asensiotranslates.com\/es\/\"},{\"@type\":\"ListItem\",\"position\":2,\"name\":\"Contacto\"}]},{\"@type\":\"WebSite\",\"@id\":\"https:\/\/asensiotranslates.com\/es\/#website\",\"url\":\"https:\/\/asensiotranslates.com\/es\/\",\"name\":\"Asensio Translates\",\"description\":\"Just another WordPress site\",\"publisher\":{\"@id\":\"https:\/\/asensiotranslates.com\/es\/#\/schema\/person\/aebe730063cd9d63bbda48c62f8e626e\"},\"potentialAction\":[{\"@type\":\"SearchAction\",\"target\":{\"@type\":\"EntryPoint\",\"urlTemplate\":\"https:\/\/asensiotranslates.com\/es\/?s={search_term_string}\"},\"query-input\":{\"@type\":\"PropertyValueSpecification\",\"valueRequired\":true,\"valueName\":\"search_term_string\"}}],\"inLanguage\":\"es\"},{\"@type\":[\"Person\",\"Organization\"],\"@id\":\"https:\/\/asensiotranslates.com\/es\/#\/schema\/person\/aebe730063cd9d63bbda48c62f8e626e\",\"name\":\"wstuser\",\"image\":{\"@type\":\"ImageObject\",\"inLanguage\":\"es\",\"@id\":\"https:\/\/asensiotranslates.com\/wp-content\/litespeed\/avatar\/f02c42e599e06e39bcf0bb4a143237be.jpg?ver=1775378231\",\"url\":\"https:\/\/asensiotranslates.com\/wp-content\/litespeed\/avatar\/f02c42e599e06e39bcf0bb4a143237be.jpg?ver=1775378231\",\"contentUrl\":\"https:\/\/asensiotranslates.com\/wp-content\/litespeed\/avatar\/f02c42e599e06e39bcf0bb4a143237be.jpg?ver=1775378231\",\"caption\":\"wstuser\"},\"logo\":{\"@id\":\"https:\/\/asensiotranslates.com\/wp-content\/litespeed\/avatar\/f02c42e599e06e39bcf0bb4a143237be.jpg?ver=1775378231\"},\"sameAs\":[\"https:\/\/x.com\/wftuser\"]}]}<\/script>\n<!-- \/ Yoast SEO plugin. -->","yoast_head_json":{"title":"Legal translator and interpreter - German, French, English into Spanish","description":"Hire a Spanish legal translator and interpreter with law and interpreting degrees, who will be in your corner every step of the way. Get in touch!","robots":{"index":"index","follow":"follow","max-snippet":"max-snippet:-1","max-image-preview":"max-image-preview:large","max-video-preview":"max-video-preview:-1"},"canonical":"https:\/\/asensiotranslates.com\/es\/contacto\/","og_locale":"es_ES","og_type":"article","og_title":"Legal translator and interpreter - German, French, English into Spanish","og_description":"Hire a Spanish legal translator and interpreter with law and interpreting degrees, who will be in your corner every step of the way. Get in touch!","og_url":"https:\/\/asensiotranslates.com\/es\/contacto\/","og_site_name":"Asensio Translates","article_modified_time":"2020-05-19T04:15:04+00:00","twitter_card":"summary_large_image","twitter_site":"@wftuser","twitter_misc":{"Tiempo de lectura":"1 minuto"},"schema":{"@context":"https:\/\/schema.org","@graph":[{"@type":"WebPage","@id":"https:\/\/asensiotranslates.com\/es\/contacto\/","url":"https:\/\/asensiotranslates.com\/es\/contacto\/","name":"Legal translator and interpreter - German, French, English into Spanish","isPartOf":{"@id":"https:\/\/asensiotranslates.com\/es\/#website"},"datePublished":"2019-04-23T09:24:14+00:00","dateModified":"2020-05-19T04:15:04+00:00","description":"Hire a Spanish legal translator and interpreter with law and interpreting degrees, who will be in your corner every step of the way. Get in touch!","breadcrumb":{"@id":"https:\/\/asensiotranslates.com\/es\/contacto\/#breadcrumb"},"inLanguage":"es","potentialAction":[{"@type":"ReadAction","target":["https:\/\/asensiotranslates.com\/es\/contacto\/"]}]},{"@type":"BreadcrumbList","@id":"https:\/\/asensiotranslates.com\/es\/contacto\/#breadcrumb","itemListElement":[{"@type":"ListItem","position":1,"name":"Home","item":"https:\/\/asensiotranslates.com\/es\/"},{"@type":"ListItem","position":2,"name":"Contacto"}]},{"@type":"WebSite","@id":"https:\/\/asensiotranslates.com\/es\/#website","url":"https:\/\/asensiotranslates.com\/es\/","name":"Asensio Translates","description":"Just another WordPress site","publisher":{"@id":"https:\/\/asensiotranslates.com\/es\/#\/schema\/person\/aebe730063cd9d63bbda48c62f8e626e"},"potentialAction":[{"@type":"SearchAction","target":{"@type":"EntryPoint","urlTemplate":"https:\/\/asensiotranslates.com\/es\/?s={search_term_string}"},"query-input":{"@type":"PropertyValueSpecification","valueRequired":true,"valueName":"search_term_string"}}],"inLanguage":"es"},{"@type":["Person","Organization"],"@id":"https:\/\/asensiotranslates.com\/es\/#\/schema\/person\/aebe730063cd9d63bbda48c62f8e626e","name":"wstuser","image":{"@type":"ImageObject","inLanguage":"es","@id":"https:\/\/asensiotranslates.com\/wp-content\/litespeed\/avatar\/f02c42e599e06e39bcf0bb4a143237be.jpg?ver=1775378231","url":"https:\/\/asensiotranslates.com\/wp-content\/litespeed\/avatar\/f02c42e599e06e39bcf0bb4a143237be.jpg?ver=1775378231","contentUrl":"https:\/\/asensiotranslates.com\/wp-content\/litespeed\/avatar\/f02c42e599e06e39bcf0bb4a143237be.jpg?ver=1775378231","caption":"wstuser"},"logo":{"@id":"https:\/\/asensiotranslates.com\/wp-content\/litespeed\/avatar\/f02c42e599e06e39bcf0bb4a143237be.jpg?ver=1775378231"},"sameAs":["https:\/\/x.com\/wftuser"]}]}},"_links":{"self":[{"href":"https:\/\/asensiotranslates.com\/es\/wp-json\/wp\/v2\/pages\/2815","targetHints":{"allow":["GET"]}}],"collection":[{"href":"https:\/\/asensiotranslates.com\/es\/wp-json\/wp\/v2\/pages"}],"about":[{"href":"https:\/\/asensiotranslates.com\/es\/wp-json\/wp\/v2\/types\/page"}],"author":[{"embeddable":true,"href":"https:\/\/asensiotranslates.com\/es\/wp-json\/wp\/v2\/users\/1"}],"replies":[{"embeddable":true,"href":"https:\/\/asensiotranslates.com\/es\/wp-json\/wp\/v2\/comments?post=2815"}],"version-history":[{"count":4,"href":"https:\/\/asensiotranslates.com\/es\/wp-json\/wp\/v2\/pages\/2815\/revisions"}],"predecessor-version":[{"id":2909,"href":"https:\/\/asensiotranslates.com\/es\/wp-json\/wp\/v2\/pages\/2815\/revisions\/2909"}],"wp:attachment":[{"href":"https:\/\/asensiotranslates.com\/es\/wp-json\/wp\/v2\/media?parent=2815"}],"curies":[{"name":"wp","href":"https:\/\/api.w.org\/{rel}","templated":true}]}}