{"id":2809,"date":"2019-05-20T11:35:54","date_gmt":"2019-05-20T11:35:54","guid":{"rendered":"https:\/\/asensiotranslates.asensiotranslates.com\/faq\/"},"modified":"2020-05-08T16:42:00","modified_gmt":"2020-05-08T16:42:00","slug":"faq","status":"publish","type":"page","link":"https:\/\/asensiotranslates.com\/es\/faq\/","title":{"rendered":"FAQ"},"content":{"rendered":"<div class=\"wpb-content-wrapper\"><p>[vc_row tm_bgimagefixed=\u00bb\u00bb full_width=\u00bbstretch_row\u00bb css=\u00bb.vc_custom_1559724869336{padding-bottom: 15px !important;}\u00bb tm_responsive_css=\u00bb50776674|colbreak_no|||||||||colbreak_no|||||50px||0px||colbreak_no||||||||||colbreak_no|||||||||\u00bb][vc_column]<div class=\"tm-element-heading-wrapper tm-heading-inner tm-element-align-center tm-seperator-solid tm-heading-style-vertical \"><section class=\"tm-vc_cta3-container\"><div class=\"tm-vc_general tm-vc_cta3 tm-cta3-only tm-vc_cta3-style-classic tm-vc_cta3-shape-rounded tm-vc_cta3-align-center tm-vc_cta3-color-transparent tm-vc_cta3-icon-size-md tm-vc_cta3-actions-no tm-cta3-without-desc\"><div class=\"tm-vc_cta3_content-container\"><div class=\"tm-vc_cta3-content\"><header class=\"tm-vc_cta3-content-header tm-wrap\"><div class=\"tm-vc_cta3-headers tm-wrap-cell\"><h2 class=\"tm-custom-heading \" >Traducci\u00f3n<\/h2>\n<\/div><\/header><\/div><\/div><\/div><\/section><\/div> <!-- .tm-element-heading-wrapper container --> [\/vc_column][\/vc_row][vc_row tm_bgimagefixed=\u00bb\u00bb break_in_responsive=\u00bb991&#8243; full_width=\u00bbstretch_row\u00bb css=\u00bb.vc_custom_1559724923176{padding-top: 0px !important;padding-bottom: 60px !important;}\u00bb tm_responsive_css=\u00bb62407954|colbreak_no|||||||||colbreak_no|||||||30px||colbreak_no|||||||30px|||colbreak_no|||||||||\u00bb][vc_column][vc_tta_accordion style=\u00bboutline\u00bb color=\u00bbgrey\u00bb gap=\u00bb15&#8243; c_position=\u00bbright\u00bb active_section=\u00bb1&#8243;][vc_tta_section title=\u00bb\u00bfQu\u00e9 idiomas traduces?\u00bb tab_id=\u00bb1559361796986-f9c55d64-398e\u00bb][vc_column_text]Del ingl\u00e9s, franc\u00e9s y alem\u00e1n al espa\u00f1ol.<\/p>\n<p>Si necesitas otro idioma, estar\u00e9 encantado de asociarme con compa\u00f1eros para entregarte el par de idiomas que necesites o, dado el caso, referirte a alg\u00fan colega. [\/vc_column_text][\/vc_tta_section][vc_tta_section title=\u00bb\u00bfQu\u00e9 tipo de documentos traduces?\u00bb tab_id=\u00bb1559361797052-fdd17270-f264&#8243;][vc_column_text]Documentos jur\u00eddicos, t\u00e9cnicos, de marketing. [\/vc_column_text][\/vc_tta_section][vc_tta_section title=\u00bb\u00bfC\u00f3mo puedo enviar mis documentos a Asensio?\u00bb tab_id=\u00bb1559361797107-7468489f-ebef\u00bb][vc_column_text]Puedes enviar tus documentos directamente a <a href=\"mailto:info@asensiotranslates.asensiotranslates.com\">info@asensiotranslates.asensiotranslates.com<\/a> y te dar\u00e9 un presupuesto gratuito y sin compromiso en menos de 24 horas.[\/vc_column_text][\/vc_tta_section][vc_tta_section title=\u00bb\u00bfCu\u00e1nto tiempo toma la traducci\u00f3n de un documento?\u00bb tab_id=\u00bb1559361797175-8c8e1e1d-ca8a\u00bb][vc_column_text]Cada encargo es diferente. El tiempo depende del volumen y la complejidad del proyecto. Ponte en <a href=\"https:\/\/asensiotranslates.asensiotranslates.com\/es\/contacto\/\">contacto<\/a> conmigo para analizar lo que necesitas.[\/vc_column_text][\/vc_tta_section][vc_tta_section title=\u00bb\u00bfCu\u00e1nto cuesta una traducci\u00f3n?\u00bb tab_id=\u00bb1559361797236-bf7ea967-42f5&#8243;][vc_column_text]Los precios var\u00edan en funci\u00f3n de la extensi\u00f3n y la complejidad. El c\u00e1lculo se hace por palabra o por hora, seg\u00fan las circunstancias. Ponte en contacto conmigo para comentar las condiciones y <a href=\"https:\/\/asensiotranslates.asensiotranslates.com\/es\/contacto\/\">recibir un presupuesto<\/a>.[\/vc_column_text][\/vc_tta_section][vc_tta_section title=\u00bb\u00bfOfreces traducciones juradas?\u00bb tab_id=\u00bb1574417315681-1047efc1-249b\u00bb][vc_column_text]Soy \u00fanicamente int\u00e9rprete jurado de alem\u00e1n y espa\u00f1ol. Sin embargo, en el caso de que necesites un traductor jurado, puedo formar un equipo con un colega para proporcionarte un paquete completo. Me encargar\u00e9 de todo por ti. [\/vc_column_text][\/vc_tta_section][vc_tta_section title=\u00bb\u00bfC\u00f3mo puedo pagar?\u00bb tab_id=\u00bb1574417311882-effc89fe-c990&#8243;][vc_column_text]Se aceptan PayPal y transferencia bancaria como m\u00e9todos de pago. Por lo general, se espera que el pago se efect\u00fae dentro de los 30 d\u00edas siguientes a la facturaci\u00f3n. [\/vc_column_text][\/vc_tta_section][\/vc_tta_accordion][\/vc_column][\/vc_row][vc_row tm_bgimagefixed=\u00bb\u00bb full_width=\u00bbstretch_row\u00bb css=\u00bb.vc_custom_1574417854082{padding-top: 0px !important;padding-bottom: 15px !important;}\u00bb tm_responsive_css=\u00bb50776674|colbreak_no|||||||||colbreak_no|||||50px||0px||colbreak_no||||||||||colbreak_no|||||||||\u00bb][vc_column]<div class=\"tm-element-heading-wrapper tm-heading-inner tm-element-align-center tm-seperator-solid tm-heading-style-vertical \"><section class=\"tm-vc_cta3-container\"><div class=\"tm-vc_general tm-vc_cta3 tm-cta3-only tm-vc_cta3-style-classic tm-vc_cta3-shape-rounded tm-vc_cta3-align-center tm-vc_cta3-color-transparent tm-vc_cta3-icon-size-md tm-vc_cta3-actions-no tm-cta3-without-desc\"><div class=\"tm-vc_cta3_content-container\"><div class=\"tm-vc_cta3-content\"><header class=\"tm-vc_cta3-content-header tm-wrap\"><div class=\"tm-vc_cta3-headers tm-wrap-cell\"><h2 class=\"tm-custom-heading \" >Interpretaci\u00f3n<\/h2>\n<\/div><\/header><\/div><\/div><\/div><\/section><\/div> <!-- .tm-element-heading-wrapper container --> [\/vc_column][\/vc_row][vc_row tm_bgimagefixed=\u00bb\u00bb break_in_responsive=\u00bb991&#8243; full_width=\u00bbstretch_row\u00bb css=\u00bb.vc_custom_1559724923176{padding-top: 0px !important;padding-bottom: 60px !important;}\u00bb tm_responsive_css=\u00bb62407954|colbreak_no|||||||||colbreak_no|||||||30px||colbreak_no|||||||30px|||colbreak_no|||||||||\u00bb][vc_column][vc_tta_accordion style=\u00bboutline\u00bb color=\u00bbgrey\u00bb gap=\u00bb15&#8243; c_position=\u00bbright\u00bb active_section=\u00bb1&#8243;][vc_tta_section title=\u00bb\u00bfDe qu\u00e9 idiomas interpretas y hacia qu\u00e9 idiomas?\u00bb tab_id=\u00bb1574417351636-2a779e1f-9223&#8243;][vc_column_text]Del ingl\u00e9s y el alem\u00e1n al espa\u00f1ol y viceversa. [\/vc_column_text][\/vc_tta_section][vc_tta_section title=\u00bb\u00bfQu\u00e9 es un int\u00e9rprete jurado? \u00bfT\u00fa lo eres?\u00bb tab_id=\u00bb1574417351677-b4900fe0-3cdb\u00bb][vc_column_text]Un int\u00e9rprete jurado (allgemein beeidigter Dolmetscher) es alguien que ha prestado un juramento ante el Tribunal Superior de Justicia de un Land. En mi caso ante el Oberlandesgericht de Sajonia. Por tanto, pueden aportar su conocimiento como peritos en materia de idiomas a notarios, tribunales y autoridades oficiales. As\u00ed pues, los int\u00e9rpretes jurados est\u00e1n obligados por ley a mantener el secreto profesional y deben transferir fielmente el texto hablado a la otra lengua respectiva.<\/p>\n<p>S\u00ed, soy int\u00e9rprete jurado de alem\u00e1n\/espa\u00f1ol. [\/vc_column_text][\/vc_tta_section][vc_tta_section title=\u00bb\u00bfCu\u00e1nto cuesta la interpretaci\u00f3n?\u00bb tab_id=\u00bb1574417351732-65172d8e-c2fb\u00bb][vc_column_text]Los precios var\u00edan seg\u00fan el tema, la complejidad, la ubicaci\u00f3n y el horario de trabajo. Para que te pueda ofrecer un presupuesto, ponte en <a href=\"https:\/\/asensiotranslates.asensiotranslates.com\/es\/contacto\/\">contacto conmigo<\/a> a trav\u00e9s del.[\/vc_column_text][\/vc_tta_section][vc_tta_section title=\u00bb\u00bfOfreces servicios de interpretaci\u00f3n fuera de Alemania?\u00bb tab_id=\u00bb1574417351778-c9845203-9929&#8243;][vc_column_text]S\u00ed. Por supuesto, habr\u00eda que cubrir los gastos de viaje y de alojamiento.[\/vc_column_text][\/vc_tta_section][vc_tta_section title=\u00bb\u00bfNecesito proporcionarte el equipamiento necesario para el trabajo?\u00bb tab_id=\u00bb1574417351836-6e18985e-a82b\u00bb][vc_column_text]En caso de que fuera necesario alg\u00fan tipo de equipo, se podr\u00eda organizar. En funci\u00f3n del caso, podr\u00eda encargarme de conseguir el equipo. En algunos casos, puede ser necesaria una cabina de interpretaci\u00f3n o un sistema de transmisi\u00f3n por radio.[\/vc_column_text][\/vc_tta_section][vc_tta_section title=\u00bb\u00bfC\u00f3mo puedo pagar?\u00bb tab_id=\u00bb1574417351885-9da912dd-a3f5&#8243;][vc_column_text]Se aceptan PayPal y transferencia bancaria como m\u00e9todos de pago. Por lo general, se espera que el pago se efect\u00fae dentro de los 30 d\u00edas siguientes a la facturaci\u00f3n. [\/vc_column_text][\/vc_tta_section][\/vc_tta_accordion][\/vc_column][\/vc_row][vc_row tm_bgimagefixed=\u00bb\u00bb full_width=\u00bbstretch_row\u00bb css=\u00bb.vc_custom_1574417860882{padding-top: 0px !important;padding-bottom: 15px !important;}\u00bb tm_responsive_css=\u00bb50776674|colbreak_no|||||||||colbreak_no|||||50px||0px||colbreak_no||||||||||colbreak_no|||||||||\u00bb][vc_column]<div class=\"tm-element-heading-wrapper tm-heading-inner tm-element-align-center tm-seperator-solid tm-heading-style-vertical \"><section class=\"tm-vc_cta3-container\"><div class=\"tm-vc_general tm-vc_cta3 tm-cta3-only tm-vc_cta3-style-classic tm-vc_cta3-shape-rounded tm-vc_cta3-align-center tm-vc_cta3-color-transparent tm-vc_cta3-icon-size-md tm-vc_cta3-actions-no tm-cta3-without-desc\"><div class=\"tm-vc_cta3_content-container\"><div class=\"tm-vc_cta3-content\"><header class=\"tm-vc_cta3-content-header tm-wrap\"><div class=\"tm-vc_cta3-headers tm-wrap-cell\"><h2 class=\"tm-custom-heading \" >Ense\u00f1anza del espa\u00f1ol<\/h2>\n<\/div><\/header><\/div><\/div><\/div><\/section><\/div> <!-- .tm-element-heading-wrapper container --> [\/vc_column][\/vc_row][vc_row tm_bgimagefixed=\u00bb\u00bb break_in_responsive=\u00bb991&#8243; full_width=\u00bbstretch_row\u00bb css=\u00bb.vc_custom_1559724923176{padding-top: 0px !important;padding-bottom: 60px !important;}\u00bb tm_responsive_css=\u00bb62407954|colbreak_no|||||||||colbreak_no|||||||30px||colbreak_no|||||||30px|||colbreak_no|||||||||\u00bb][vc_column][vc_tta_accordion style=\u00bboutline\u00bb color=\u00bbgrey\u00bb gap=\u00bb15&#8243; c_position=\u00bbright\u00bb active_section=\u00bb1&#8243;][vc_tta_section title=\u00bb\u00bfCu\u00e1ndo estar\u00edas disponible para empezar a ense\u00f1arme espa\u00f1ol o formaci\u00f3n intercultural?\u00bb tab_id=\u00bb1574417553833-83e0ee2d-06e5&#8243;][vc_column_text]Si est\u00e1s interesado en empezar, por favor, ponte en <a href=\"https:\/\/asensiotranslates.asensiotranslates.com\/es\/contacto\/\">contacto conmigo<\/a> para fijar una fecha.[\/vc_column_text][\/vc_tta_section][vc_tta_section title=\u00bb\u00bfCon qu\u00e9 frecuencia recomiendas tomar clases o practicar?\u00bb tab_id=\u00bb1574417553905-97789181-4155&#8243;][vc_column_text]Depende de las necesidades de cada uno. <a href=\"https:\/\/asensiotranslates.asensiotranslates.com\/es\/contacto\/\">Ponte en contacto conmigo para hablar de tu caso<\/a>.[\/vc_column_text][\/vc_tta_section][vc_tta_section title=\u00bb\u00bfD\u00f3nde tendr\u00e1 lugar el curso?\u00bb tab_id=\u00bb1574417553970-9b47d089-2f86&#8243;][vc_column_text]Esto es algo que se puede convenir individualmente entre el cliente y yo. La mayor\u00eda de las veces, la formaci\u00f3n tiene lugar en las dependencias (o casa) del cliente.[\/vc_column_text][\/vc_tta_section][vc_tta_section title=\u00bb\u00bfCu\u00e1nto cobras por los servicios de ense\u00f1anza y formaci\u00f3n intercultural?\u00bb tab_id=\u00bb1574417554033-5f989b2b-96e6&#8243;][vc_column_text]Precios a consultar. <a href=\"https:\/\/asensiotranslates.asensiotranslates.com\/es\/contacto\/\">Solicita un presupuesto<\/a>.[\/vc_column_text][\/vc_tta_section][\/vc_tta_accordion][\/vc_column][\/vc_row][vc_row tm_bgimagefixed=\u00bb\u00bb full_width=\u00bbstretch_row\u00bb css=\u00bb.vc_custom_1574417867616{padding-top: 0px !important;padding-bottom: 15px !important;}\u00bb tm_responsive_css=\u00bb50776674|colbreak_no|||||||||colbreak_no|||||50px||0px||colbreak_no||||||||||colbreak_no|||||||||\u00bb][vc_column]<div class=\"tm-element-heading-wrapper tm-heading-inner tm-element-align-center tm-seperator-solid tm-heading-style-vertical \"><section class=\"tm-vc_cta3-container\"><div class=\"tm-vc_general tm-vc_cta3 tm-cta3-only tm-vc_cta3-style-classic tm-vc_cta3-shape-rounded tm-vc_cta3-align-center tm-vc_cta3-color-transparent tm-vc_cta3-icon-size-md tm-vc_cta3-actions-no tm-cta3-without-desc\"><div class=\"tm-vc_cta3_content-container\"><div class=\"tm-vc_cta3-content\"><header class=\"tm-vc_cta3-content-header tm-wrap\"><div class=\"tm-vc_cta3-headers tm-wrap-cell\"><h2 class=\"tm-custom-heading \" >Voz en off<\/h2>\n<\/div><\/header><\/div><\/div><\/div><\/section><\/div> <!-- .tm-element-heading-wrapper container --> [\/vc_column][\/vc_row][vc_row tm_bgimagefixed=\u00bb\u00bb break_in_responsive=\u00bb991&#8243; full_width=\u00bbstretch_row\u00bb css=\u00bb.vc_custom_1559724923176{padding-top: 0px !important;padding-bottom: 60px !important;}\u00bb tm_responsive_css=\u00bb62407954|colbreak_no|||||||||colbreak_no|||||||30px||colbreak_no|||||||30px|||colbreak_no|||||||||\u00bb][vc_column][vc_tta_accordion style=\u00bboutline\u00bb color=\u00bbgrey\u00bb gap=\u00bb15&#8243; c_position=\u00bbright\u00bb active_section=\u00bb1&#8243;][vc_tta_section title=\u00bb\u00bfPuedo o\u00edr tu voz antes de contratarte?\u00bb tab_id=\u00bb1574417651825-96981e1b-ee5c\u00bb][vc_column_text]<span lang=\"es\">S\u00ed, por supuesto. Solicita una prueba de audio <a href=\"https:\/\/asensiotranslates.asensiotranslates.com\/es\/contacto\/\">aqu\u00ed\u00a0 <\/a>o puedes escuchar alguno de mis trabajos en el <a href=\"https:\/\/asensiotranslates.asensiotranslates.com\/es\/servicios\/#voz-en-off\">siguiente enlace<\/a>. <\/span>[\/vc_column_text][\/vc_tta_section][vc_tta_section title=\u00bb\u00bfDispones de tu propio estudio de grabaci\u00f3n?\u00bb tab_id=\u00bb1574417651905-6f442745-bc6b\u00bb][vc_column_text]No, yo no dispongo del equipo de audio necesario, aunque de ser necesario, puedo colaborar con un estudio de grabaci\u00f3n, de tu elecci\u00f3n o de la m\u00eda.[\/vc_column_text][\/vc_tta_section][vc_tta_section title=\u00bb\u00bfCu\u00e1nto cobras por los servicios de voz en off?\u00bb tab_id=\u00bb1574417651969-3e46b5fd-f985&#8243;][vc_column_text]Precios a consultar. <a href=\"https:\/\/asensiotranslates.asensiotranslates.com\/es\/contacto\/\">Solicita un presupuesto<\/a>.[\/vc_column_text][\/vc_tta_section][\/vc_tta_accordion][\/vc_column][\/vc_row][vc_row tm_textcolor=\u00bbwhite\u00bb tm_bgimagefixed=\u00bb\u00bb full_width=\u00bbstretch_row\u00bb css=\u00bb.vc_custom_1574412379910{padding-top: 60px !important;padding-bottom: 50px !important;background-color: #d82757 !important;}\u00bb tm_responsive_css=\u00bb20377776|colbreak_no|||||||||colbreak_no|||||40px||45px||colbreak_no||||||||||colbreak_no|||||||||\u00bb][vc_column]<div class=\"tm-element-heading-wrapper tm-heading-inner tm-element-align-left tm-seperator-none tm-heading-style-vertical  vc_custom_1588956101031\"><section class=\"tm-vc_cta3-container\"><div class=\"tm-vc_general tm-vc_cta3 tm-cta3-only tm-vc_cta3-style-classic tm-vc_cta3-shape-rounded tm-vc_cta3-align-left tm-vc_cta3-color-transparent tm-vc_cta3-icon-size-md tm-vc_cta3-actions-no tm-cta3-without-desc\"><div class=\"tm-vc_cta3_content-container\"><div class=\"tm-vc_cta3-content\"><header class=\"tm-vc_cta3-content-header tm-wrap\"><div class=\"tm-vc_cta3-headers tm-wrap-cell\"><h2 class=\"tm-custom-heading \" >\u00bfNo has encontrado la respuesta a tu pregunta?<\/h2>\n<\/div><\/header><\/div><\/div><\/div><\/section><\/div> <!-- .tm-element-heading-wrapper container --> \n\t\t<div class=\"tm-vc_btn3-container tm-vc_btn3-left\"><a class=\"tm-vc_general tm-vc_btn3 tm-vc_btn3-size-md tm-vc_btn3-shape-square tm-vc_btn3-style-flat tm-vc_btn3-weight-no tm-vc_btn3-color-white\" href=\"https:\/\/asensiotranslates.asensiotranslates.com\/es\/contacto\/\" title=\"\">Hazme la pregunta en cuesti\u00f3n y te responder\u00e9 en un plazo de 24 horas. <\/a><\/div>[\/vc_column][\/vc_row]<\/p>\n<\/div>","protected":false},"excerpt":{"rendered":"<p>[vc_row tm_bgimagefixed=\u00bb\u00bb full_width=\u00bbstretch_row\u00bb css=\u00bb.vc_custom_1559724869336{padding-bottom: 15px !important;}\u00bb tm_responsive_css=\u00bb50776674|colbreak_no|||||||||colbreak_no|||||50px||0px||colbreak_no||||||||||colbreak_no|||||||||\u00bb][vc_column][\/vc_column][\/vc_row][vc_row tm_bgimagefixed=\u00bb\u00bb break_in_responsive=\u00bb991&#8243; full_width=\u00bbstretch_row\u00bb css=\u00bb.vc_custom_1559724923176{padding-top: 0px !important;padding-bottom: 60px !important;}\u00bb tm_responsive_css=\u00bb62407954|colbreak_no|||||||||colbreak_no|||||||30px||colbreak_no|||||||30px|||colbreak_no|||||||||\u00bb][vc_column][vc_tta_accordion style=\u00bboutline\u00bb color=\u00bbgrey\u00bb gap=\u00bb15&#8243; c_position=\u00bbright\u00bb active_section=\u00bb1&#8243;][vc_tta_section title=\u00bb\u00bfQu\u00e9 idiomas traduces?\u00bb tab_id=\u00bb1559361796986-f9c55d64-398e\u00bb][vc_column_text]Del ingl\u00e9s, franc\u00e9s y alem\u00e1n al espa\u00f1ol. Si necesitas otro idioma, estar\u00e9 encantado de asociarme con compa\u00f1eros para entregarte el par de idiomas que necesites o, dado el caso, referirte a &hellip; <a href=\"https:\/\/asensiotranslates.com\/es\/faq\/\" class=\"more-link\">Continue reading <span class=\"screen-reader-text\">FAQ<\/span><\/a><\/p>\n","protected":false},"author":1,"featured_media":0,"parent":0,"menu_order":11,"comment_status":"closed","ping_status":"closed","template":"","meta":{"footnotes":""},"class_list":["post-2809","page","type-page","status-publish","hentry"],"yoast_head":"<!-- This site is optimized with the Yoast SEO plugin v27.2 - https:\/\/yoast.com\/product\/yoast-seo-wordpress\/ -->\n<title>English, French and German to Spanish translator &amp; Spanish interpreter<\/title>\n<meta name=\"description\" content=\"English, French and German to Spanish translator, Spanish interpreter, Spanish voice over artist, providing Spanish lessons. Based in Leipzig, Germany.\" \/>\n<meta name=\"robots\" content=\"index, follow, max-snippet:-1, max-image-preview:large, max-video-preview:-1\" \/>\n<link rel=\"canonical\" href=\"https:\/\/asensiotranslates.com\/es\/faq\/\" \/>\n<meta property=\"og:locale\" content=\"es_ES\" \/>\n<meta property=\"og:type\" content=\"article\" \/>\n<meta property=\"og:title\" content=\"English, French and German to Spanish translator &amp; Spanish interpreter\" \/>\n<meta property=\"og:description\" content=\"English, French and German to Spanish translator, Spanish interpreter, Spanish voice over artist, providing Spanish lessons. Based in Leipzig, Germany.\" \/>\n<meta property=\"og:url\" content=\"https:\/\/asensiotranslates.com\/es\/faq\/\" \/>\n<meta property=\"og:site_name\" content=\"Asensio Translates\" \/>\n<meta property=\"article:modified_time\" content=\"2020-05-08T16:42:00+00:00\" \/>\n<meta name=\"twitter:card\" content=\"summary_large_image\" \/>\n<meta name=\"twitter:site\" content=\"@wftuser\" \/>\n<meta name=\"twitter:label1\" content=\"Tiempo de lectura\" \/>\n\t<meta name=\"twitter:data1\" content=\"8 minutos\" \/>\n<script type=\"application\/ld+json\" class=\"yoast-schema-graph\">{\"@context\":\"https:\/\/schema.org\",\"@graph\":[{\"@type\":\"WebPage\",\"@id\":\"https:\/\/asensiotranslates.com\/es\/faq\/\",\"url\":\"https:\/\/asensiotranslates.com\/es\/faq\/\",\"name\":\"English, French and German to Spanish translator & Spanish interpreter\",\"isPartOf\":{\"@id\":\"https:\/\/asensiotranslates.com\/es\/#website\"},\"datePublished\":\"2019-05-20T11:35:54+00:00\",\"dateModified\":\"2020-05-08T16:42:00+00:00\",\"description\":\"English, French and German to Spanish translator, Spanish interpreter, Spanish voice over artist, providing Spanish lessons. Based in Leipzig, Germany.\",\"breadcrumb\":{\"@id\":\"https:\/\/asensiotranslates.com\/es\/faq\/#breadcrumb\"},\"inLanguage\":\"es\",\"potentialAction\":[{\"@type\":\"ReadAction\",\"target\":[\"https:\/\/asensiotranslates.com\/es\/faq\/\"]}]},{\"@type\":\"BreadcrumbList\",\"@id\":\"https:\/\/asensiotranslates.com\/es\/faq\/#breadcrumb\",\"itemListElement\":[{\"@type\":\"ListItem\",\"position\":1,\"name\":\"Home\",\"item\":\"https:\/\/asensiotranslates.com\/es\/\"},{\"@type\":\"ListItem\",\"position\":2,\"name\":\"FAQ\"}]},{\"@type\":\"WebSite\",\"@id\":\"https:\/\/asensiotranslates.com\/es\/#website\",\"url\":\"https:\/\/asensiotranslates.com\/es\/\",\"name\":\"Asensio Translates\",\"description\":\"Just another WordPress site\",\"publisher\":{\"@id\":\"https:\/\/asensiotranslates.com\/es\/#\/schema\/person\/aebe730063cd9d63bbda48c62f8e626e\"},\"potentialAction\":[{\"@type\":\"SearchAction\",\"target\":{\"@type\":\"EntryPoint\",\"urlTemplate\":\"https:\/\/asensiotranslates.com\/es\/?s={search_term_string}\"},\"query-input\":{\"@type\":\"PropertyValueSpecification\",\"valueRequired\":true,\"valueName\":\"search_term_string\"}}],\"inLanguage\":\"es\"},{\"@type\":[\"Person\",\"Organization\"],\"@id\":\"https:\/\/asensiotranslates.com\/es\/#\/schema\/person\/aebe730063cd9d63bbda48c62f8e626e\",\"name\":\"wstuser\",\"image\":{\"@type\":\"ImageObject\",\"inLanguage\":\"es\",\"@id\":\"https:\/\/asensiotranslates.com\/wp-content\/litespeed\/avatar\/f02c42e599e06e39bcf0bb4a143237be.jpg?ver=1775378231\",\"url\":\"https:\/\/asensiotranslates.com\/wp-content\/litespeed\/avatar\/f02c42e599e06e39bcf0bb4a143237be.jpg?ver=1775378231\",\"contentUrl\":\"https:\/\/asensiotranslates.com\/wp-content\/litespeed\/avatar\/f02c42e599e06e39bcf0bb4a143237be.jpg?ver=1775378231\",\"caption\":\"wstuser\"},\"logo\":{\"@id\":\"https:\/\/asensiotranslates.com\/wp-content\/litespeed\/avatar\/f02c42e599e06e39bcf0bb4a143237be.jpg?ver=1775378231\"},\"sameAs\":[\"https:\/\/x.com\/wftuser\"]}]}<\/script>\n<!-- \/ Yoast SEO plugin. -->","yoast_head_json":{"title":"English, French and German to Spanish translator & Spanish interpreter","description":"English, French and German to Spanish translator, Spanish interpreter, Spanish voice over artist, providing Spanish lessons. Based in Leipzig, Germany.","robots":{"index":"index","follow":"follow","max-snippet":"max-snippet:-1","max-image-preview":"max-image-preview:large","max-video-preview":"max-video-preview:-1"},"canonical":"https:\/\/asensiotranslates.com\/es\/faq\/","og_locale":"es_ES","og_type":"article","og_title":"English, French and German to Spanish translator & Spanish interpreter","og_description":"English, French and German to Spanish translator, Spanish interpreter, Spanish voice over artist, providing Spanish lessons. Based in Leipzig, Germany.","og_url":"https:\/\/asensiotranslates.com\/es\/faq\/","og_site_name":"Asensio Translates","article_modified_time":"2020-05-08T16:42:00+00:00","twitter_card":"summary_large_image","twitter_site":"@wftuser","twitter_misc":{"Tiempo de lectura":"8 minutos"},"schema":{"@context":"https:\/\/schema.org","@graph":[{"@type":"WebPage","@id":"https:\/\/asensiotranslates.com\/es\/faq\/","url":"https:\/\/asensiotranslates.com\/es\/faq\/","name":"English, French and German to Spanish translator & Spanish interpreter","isPartOf":{"@id":"https:\/\/asensiotranslates.com\/es\/#website"},"datePublished":"2019-05-20T11:35:54+00:00","dateModified":"2020-05-08T16:42:00+00:00","description":"English, French and German to Spanish translator, Spanish interpreter, Spanish voice over artist, providing Spanish lessons. Based in Leipzig, Germany.","breadcrumb":{"@id":"https:\/\/asensiotranslates.com\/es\/faq\/#breadcrumb"},"inLanguage":"es","potentialAction":[{"@type":"ReadAction","target":["https:\/\/asensiotranslates.com\/es\/faq\/"]}]},{"@type":"BreadcrumbList","@id":"https:\/\/asensiotranslates.com\/es\/faq\/#breadcrumb","itemListElement":[{"@type":"ListItem","position":1,"name":"Home","item":"https:\/\/asensiotranslates.com\/es\/"},{"@type":"ListItem","position":2,"name":"FAQ"}]},{"@type":"WebSite","@id":"https:\/\/asensiotranslates.com\/es\/#website","url":"https:\/\/asensiotranslates.com\/es\/","name":"Asensio Translates","description":"Just another WordPress site","publisher":{"@id":"https:\/\/asensiotranslates.com\/es\/#\/schema\/person\/aebe730063cd9d63bbda48c62f8e626e"},"potentialAction":[{"@type":"SearchAction","target":{"@type":"EntryPoint","urlTemplate":"https:\/\/asensiotranslates.com\/es\/?s={search_term_string}"},"query-input":{"@type":"PropertyValueSpecification","valueRequired":true,"valueName":"search_term_string"}}],"inLanguage":"es"},{"@type":["Person","Organization"],"@id":"https:\/\/asensiotranslates.com\/es\/#\/schema\/person\/aebe730063cd9d63bbda48c62f8e626e","name":"wstuser","image":{"@type":"ImageObject","inLanguage":"es","@id":"https:\/\/asensiotranslates.com\/wp-content\/litespeed\/avatar\/f02c42e599e06e39bcf0bb4a143237be.jpg?ver=1775378231","url":"https:\/\/asensiotranslates.com\/wp-content\/litespeed\/avatar\/f02c42e599e06e39bcf0bb4a143237be.jpg?ver=1775378231","contentUrl":"https:\/\/asensiotranslates.com\/wp-content\/litespeed\/avatar\/f02c42e599e06e39bcf0bb4a143237be.jpg?ver=1775378231","caption":"wstuser"},"logo":{"@id":"https:\/\/asensiotranslates.com\/wp-content\/litespeed\/avatar\/f02c42e599e06e39bcf0bb4a143237be.jpg?ver=1775378231"},"sameAs":["https:\/\/x.com\/wftuser"]}]}},"_links":{"self":[{"href":"https:\/\/asensiotranslates.com\/es\/wp-json\/wp\/v2\/pages\/2809","targetHints":{"allow":["GET"]}}],"collection":[{"href":"https:\/\/asensiotranslates.com\/es\/wp-json\/wp\/v2\/pages"}],"about":[{"href":"https:\/\/asensiotranslates.com\/es\/wp-json\/wp\/v2\/types\/page"}],"author":[{"embeddable":true,"href":"https:\/\/asensiotranslates.com\/es\/wp-json\/wp\/v2\/users\/1"}],"replies":[{"embeddable":true,"href":"https:\/\/asensiotranslates.com\/es\/wp-json\/wp\/v2\/comments?post=2809"}],"version-history":[{"count":2,"href":"https:\/\/asensiotranslates.com\/es\/wp-json\/wp\/v2\/pages\/2809\/revisions"}],"predecessor-version":[{"id":2876,"href":"https:\/\/asensiotranslates.com\/es\/wp-json\/wp\/v2\/pages\/2809\/revisions\/2876"}],"wp:attachment":[{"href":"https:\/\/asensiotranslates.com\/es\/wp-json\/wp\/v2\/media?parent=2809"}],"curies":[{"name":"wp","href":"https:\/\/api.w.org\/{rel}","templated":true}]}}